{"id":247,"date":"2014-01-11T14:37:55","date_gmt":"2014-01-11T13:37:55","guid":{"rendered":"http:\/\/www.tomsmotorsport.se\/?page_id=247"},"modified":"2018-04-05T19:23:07","modified_gmt":"2018-04-05T17:23:07","slug":"bilder-2012","status":"publish","type":"page","link":"https:\/\/www.tomsmotorsport.se\/?page_id=247","title":{"rendered":"Bilder 2012"},"content":{"rendered":"<ul>\n<li>2012-05-19: <a href=\"https:\/\/picasaweb.google.com\/108658589367747793768\/RacingspecialPitea?authuser=0&amp;authkey=Gv1sRgCIbvsMKOkNrChwE&amp;feat=directlink\">Racingspecial Pite\u00e5<\/a><\/li>\n<li>2012-06-23: <a href=\"https:\/\/picasaweb.google.com\/108658589367747793768\/FolkraceVilhemina?authuser=0&amp;authkey=Gv1sRgCOKDlLijkajNOQ&amp;feat=directlink\">Folkrace Vilhelmina<\/a><\/li>\n<li>2012-07-14: <a href=\"https:\/\/picasaweb.google.com\/108658589367747793768\/RallycrossSMPitea?authuser=0&amp;authkey=Gv1sRgCLu8lNTM9JOLgAE&amp;feat=directlink\">Rallycross SM Pite\u00e5<\/a>\u00a0(Var d\u00e4r som publik)<\/li>\n<li>2012-07-24: <a href=\"https:\/\/picasaweb.google.com\/108658589367747793768\/RacingSpecialLycksele02?authuser=0&amp;authkey=Gv1sRgCPLk6_nE3u_FOg&amp;feat=directlink\">Racingspecial Lycksele<\/a><\/li>\n<li>2012-07-28: <a href=\"https:\/\/picasaweb.google.com\/108658589367747793768\/FolkraceVannas?authuser=0&amp;authkey=Gv1sRgCKbH6qaRtojn8AE&amp;feat=directlink\">Folkrace V\u00e4nn\u00e4s<\/a><\/li>\n<li>2012-08-18: <a href=\"https:\/\/picasaweb.google.com\/108658589367747793768\/RallycrossVannas?authuser=0&amp;authkey=Gv1sRgCJ6qqayLqcuOggE&amp;feat=directlink\">Rallycross DM\/FM V\u00e4nn\u00e4s<\/a><\/li>\n<li>2012-09-15: <a href=\"https:\/\/picasaweb.google.com\/108658589367747793768\/RallycrossLycksele?authuser=0&amp;authkey=Gv1sRgCP_snpOCqLPXIA&amp;feat=directlink\">Rallycross DM\/FM Lycksele<\/a><\/li>\n<li>2012-09-29: <a href=\"https:\/\/picasaweb.google.com\/108658589367747793768\/FolkraceVilhelmina02?authuser=0&amp;authkey=Gv1sRgCMKi7KiT35T3LA&amp;feat=directlink\">Folkrace Vilhelmina<\/a><\/li>\n<\/ul>\n","protected":false},"excerpt":{"rendered":"<p>2012-05-19: Racingspecial Pite\u00e5 2012-06-23: Folkrace Vilhelmina 2012-07-14: Rallycross SM Pite\u00e5\u00a0(Var d\u00e4r som publik) 2012-07-24: Racingspecial Lycksele 2012-07-28: Folkrace V\u00e4nn\u00e4s 2012-08-18: Rallycross DM\/FM V\u00e4nn\u00e4s 2012-09-15: Rallycross DM\/FM Lycksele 2012-09-29: Folkrace Vilhelmina<\/p>\n","protected":false},"author":1,"featured_media":329,"parent":233,"menu_order":6,"comment_status":"open","ping_status":"open","template":"page-templates\/front-page.php","meta":{"footnotes":""},"class_list":["post-247","page","type-page","status-publish","has-post-thumbnail","hentry"],"_links":{"self":[{"href":"https:\/\/www.tomsmotorsport.se\/index.php?rest_route=\/wp\/v2\/pages\/247","targetHints":{"allow":["GET"]}}],"collection":[{"href":"https:\/\/www.tomsmotorsport.se\/index.php?rest_route=\/wp\/v2\/pages"}],"about":[{"href":"https:\/\/www.tomsmotorsport.se\/index.php?rest_route=\/wp\/v2\/types\/page"}],"author":[{"embeddable":true,"href":"https:\/\/www.tomsmotorsport.se\/index.php?rest_route=\/wp\/v2\/users\/1"}],"replies":[{"embeddable":true,"href":"https:\/\/www.tomsmotorsport.se\/index.php?rest_route=%2Fwp%2Fv2%2Fcomments&post=247"}],"version-history":[{"count":5,"href":"https:\/\/www.tomsmotorsport.se\/index.php?rest_route=\/wp\/v2\/pages\/247\/revisions"}],"predecessor-version":[{"id":252,"href":"https:\/\/www.tomsmotorsport.se\/index.php?rest_route=\/wp\/v2\/pages\/247\/revisions\/252"}],"up":[{"embeddable":true,"href":"https:\/\/www.tomsmotorsport.se\/index.php?rest_route=\/wp\/v2\/pages\/233"}],"wp:featuredmedia":[{"embeddable":true,"href":"https:\/\/www.tomsmotorsport.se\/index.php?rest_route=\/wp\/v2\/media\/329"}],"wp:attachment":[{"href":"https:\/\/www.tomsmotorsport.se\/index.php?rest_route=%2Fwp%2Fv2%2Fmedia&parent=247"}],"curies":[{"name":"wp","href":"https:\/\/api.w.org\/{rel}","templated":true}]}}